{"id":19050,"date":"2022-02-22T17:07:23","date_gmt":"2022-02-22T16:07:23","guid":{"rendered":"https:\/\/rt-ecologique.fr\/?page_id=19050"},"modified":"2025-02-20T12:56:26","modified_gmt":"2025-02-20T11:56:26","slug":"pompe-a-chaleur","status":"publish","type":"page","link":"https:\/\/rt-ecologique.fr\/?page_id=19050","title":{"rendered":"Fonctionnement de la pompe \u00e0 chaleur air\/eau"},"content":{"rendered":"<h2>Pompe \u00e0 chaleur air\/eau<\/h2>\n<p data-start=\"198\" data-end=\"468\">La pompe \u00e0 chaleur air\/eau capte les calories pr\u00e9sentes dans l\u2019air ext\u00e9rieur pour les convertir en chaleur. Cette chaleur est ensuite diffus\u00e9e \u00e0 l\u2019int\u00e9rieur du logement via l\u2019eau des circuits de chauffage, qu\u2019il s\u2019agisse d\u2019un plancher chauffant ou de radiateurs \u00e0 eau.<\/p>\n<p data-start=\"470\" data-end=\"553\">Le syst\u00e8me d\u2019une pompe \u00e0 chaleur air\/eau se compose de deux \u00e9l\u00e9ments principaux :<\/p>\n<ol data-start=\"555\" data-end=\"848\">\n<li data-start=\"555\" data-end=\"704\"><strong data-start=\"558\" data-end=\"582\">Une unit\u00e9 ext\u00e9rieure<\/strong> qui capte l\u2019air ext\u00e9rieur et r\u00e9cup\u00e8re ses calories gr\u00e2ce \u00e0 un fluide frigorig\u00e8ne circulant dans un \u00e9changeur thermique.<\/li>\n<li data-start=\"705\" data-end=\"848\"><strong data-start=\"708\" data-end=\"746\">Un syst\u00e8me de chauffage domestique<\/strong> (pr\u00e9existant ou install\u00e9 avec la PAC), qui peut \u00eatre un plancher chauffant ou des radiateurs \u00e0 eau.<\/li>\n<\/ol>\n<p data-start=\"850\" data-end=\"1099\">Ces deux \u00e9l\u00e9ments sont reli\u00e9s par un r\u00e9seau de canalisations o\u00f9 circule un fluide caloporteur (frigorig\u00e8ne). Ce fluide absorbe la chaleur ext\u00e9rieure, la compresse pour augmenter sa temp\u00e9rature, puis la restitue au circuit de chauffage du logement.<\/p>\n<p data-start=\"1101\" data-end=\"1231\">Gr\u00e2ce \u00e0 l\u2019a\u00e9rothermie, une pompe \u00e0 chaleur air\/eau est relativement simple \u00e0 installer : il suffit d\u2019un acc\u00e8s \u00e0 l\u2019air ext\u00e9rieur.<\/p>\n<p data-start=\"1233\" data-end=\"1386\">Une PAC air\/eau permet de couvrir 100 % des besoins en chauffage en utilisant environ <strong data-start=\"1319\" data-end=\"1383\">70 % d\u2019\u00e9nergie gratuite issue de l\u2019air et 30 % d\u2019\u00e9lectricit\u00e9<\/strong>.<\/p>\n<p data-start=\"1388\" data-end=\"1552\">Elle peut ainsi permettre de r\u00e9aliser <strong data-start=\"1426\" data-end=\"1482\">jusqu\u2019\u00e0 75 % d\u2019\u00e9conomies sur la facture de chauffage<\/strong> par rapport \u00e0 un syst\u00e8me classique utilisant des \u00e9nergies fossiles.<\/p>\n<h2>Avantages<\/h2>\n<h3 data-pm-slice=\"1 1 []\">Confort et installation<\/h3>\n<p>\u00a0<\/p>\n<p data-pm-slice=\"1 3 []\">\u2705 <strong>0 % de travaux dans les pi\u00e8ces de vie<\/strong> : L\u2019installation ne n\u00e9cessite <strong>aucune modification majeure \u00e0 l\u2019int\u00e9rieur<\/strong> du logement. Votre confort reste <strong>100 % identique<\/strong> \u00e0 aujourd\u2019hui.<\/p>\n<p>\u2705 <strong>Chauffage stable et performant<\/strong> :<\/p>\n<ul data-spread=\"false\">\n<li>\n<p>Chauffage homog\u00e8ne dans toute la maison.<\/p>\n<\/li>\n<li>\n<p>Temp\u00e9rature stable m\u00eame en hiver.<\/p>\n<\/li>\n<li>\n<p>Fonctionnement silencieux.<\/p>\n<\/li>\n<\/ul>\n<p>\u00a0<\/p>\n<h2>Performance et \u00e9conomie d\u2019\u00e9nergie<\/h2>\n<p>\u2705 <strong>Jusqu\u2019\u00e0 75 % d\u2019\u00e9conomies<\/strong> sur la consommation \u00e9nerg\u00e9tique par rapport \u00e0 un chauffage \u00e9lectrique, au gaz ou au fioul.<\/p>\n<p>\u2705 <strong>70 % de l\u2019\u00e9nergie provient de l\u2019air ext\u00e9rieur, gratuite et renouvelable<\/strong>, contre seulement 30 % d\u2019\u00e9lectricit\u00e9.<\/p>\n<p>\u2705 <strong>Fiabilit\u00e9 et performance<\/strong> :<\/p>\n<ul data-spread=\"false\">\n<li>\n<p><strong>Fonctionnement garanti jusqu\u2019\u00e0 -20\u00b0C<\/strong> en ext\u00e9rieur.<\/p>\n<\/li>\n<li>\n<p><strong>Compresseur garanti 5 ans<\/strong> pour une dur\u00e9e de vie optimale.<\/p>\n<\/li>\n<\/ul>\n<p>\u2705 <strong>Couverture totale des besoins<\/strong> : Une pompe \u00e0 chaleur bien dimensionn\u00e9e permet de couvrir <strong>100 % des besoins annuels de chauffage<\/strong>.<\/p>\n<p>\u00a0<\/p>\n<h2 data-pm-slice=\"1 1 []\">Impact \u00e9cologique<\/h2>\n<p>\u2705 <strong>R\u00e9duction jusqu\u2019\u00e0 80 % des \u00e9missions de CO\u2082<\/strong> compar\u00e9 \u00e0 un chauffage classique.<\/p>\n<p>\u2705 <strong>Utilisation d\u2019une \u00e9nergie renouvelable et propre<\/strong> : l\u2019air ext\u00e9rieur.<\/p>\n<p>\u00a0<\/p>\n<h2 data-pm-slice=\"1 1 []\">Aides financi\u00e8res et rentabilit\u00e9<\/h2>\n<p>\u2705 <strong>B\u00e9n\u00e9ficiez des aides de l\u2019\u00c9tat pour r\u00e9duire le co\u00fbt de votre installation<\/strong> :<\/p>\n<ul data-spread=\"false\">\n<li>\n<p><strong>MaPrimeR\u00e9nov\u2019<\/strong><\/p>\n<\/li>\n<li>\n<p><strong>Primes CEE (Certificats d\u2019\u00c9conomie d\u2019\u00c9nergie)<\/strong><\/p>\n<\/li>\n<li>\n<p><strong>\u00c9co-pr\u00eat \u00e0 taux z\u00e9ro (Eco-PTZ)<\/strong><\/p>\n<\/li>\n<li>\n<p><strong>TVA r\u00e9duite \u00e0 5,5 %<\/strong><\/p>\n<\/li>\n<\/ul>\n<p>\u2705 <strong>Un investissement rentable<\/strong> :<\/p>\n<ul data-spread=\"false\">\n<li>\n<p>Dur\u00e9e de vie estim\u00e9e entre <strong>15 et 20 ans<\/strong>.<\/p>\n<\/li>\n<li>\n<p>Retour sur investissement g\u00e9n\u00e9ralement atteint en quelques ann\u00e9es gr\u00e2ce aux \u00e9conomies d\u2019\u00e9nergie.<\/p>\n<\/li>\n<\/ul>\n<div><hr \/><\/div>\n<h2 data-pm-slice=\"1 1 []\">Pourquoi choisir une pompe \u00e0 chaleur air\/eau ?<\/h2>\n<p>\u2705 <strong>Un syst\u00e8me fiable, \u00e9conomique et \u00e9cologique<\/strong>.<\/p>\n<p>\u2705 <strong>Une solution compatible avec votre installation existante<\/strong>.<\/p>\n<p>\u2705 <strong>Des \u00e9conomies r\u00e9elles et un confort am\u00e9lior\u00e9<\/strong>.<\/p>\n<p>\ud83d\udc49 <strong>Vous souhaitez en savoir plus ?<\/strong> Contactez-nous pour un devis gratuit et une \u00e9tude personnalis\u00e9e !<\/p>\n\n\n<figure class=\"wp-block-image size-full\"><img fetchpriority=\"high\" decoding=\"async\" width=\"735\" height=\"420\" src=\"https:\/\/rt-ecologique.fr\/wp-content\/uploads\/2025\/02\/21ac3e66febff6d5af2aa4e016ba0683.jpg\" alt=\"\" class=\"wp-image-19281\" srcset=\"https:\/\/rt-ecologique.fr\/wp-content\/uploads\/2025\/02\/21ac3e66febff6d5af2aa4e016ba0683.jpg 735w, https:\/\/rt-ecologique.fr\/wp-content\/uploads\/2025\/02\/21ac3e66febff6d5af2aa4e016ba0683-300x171.jpg 300w\" sizes=\"(max-width: 735px) 100vw, 735px\" \/><\/figure>\n","protected":false},"excerpt":{"rendered":"<p>Pompe \u00e0 chaleur air\/eau La pompe \u00e0 chaleur air\/eau capte les calories pr\u00e9sentes dans l\u2019air ext\u00e9rieur pour les convertir en chaleur. Cette chaleur est ensuite diffus\u00e9e \u00e0 l\u2019int\u00e9rieur du logement via l\u2019eau des circuits de chauffage, qu\u2019il s\u2019agisse d\u2019un plancher chauffant ou de radiateurs \u00e0 eau. Le syst\u00e8me d\u2019une pompe \u00e0 chaleur air\/eau se compose [&hellip;]<\/p>\n","protected":false},"author":1,"featured_media":19281,"parent":0,"menu_order":0,"comment_status":"closed","ping_status":"closed","template":"","meta":{"_acf_changed":false,"footnotes":""},"class_list":["post-19050","page","type-page","status-publish","has-post-thumbnail","hentry"],"acf":[],"_links":{"self":[{"href":"https:\/\/rt-ecologique.fr\/index.php?rest_route=\/wp\/v2\/pages\/19050","targetHints":{"allow":["GET"]}}],"collection":[{"href":"https:\/\/rt-ecologique.fr\/index.php?rest_route=\/wp\/v2\/pages"}],"about":[{"href":"https:\/\/rt-ecologique.fr\/index.php?rest_route=\/wp\/v2\/types\/page"}],"author":[{"embeddable":true,"href":"https:\/\/rt-ecologique.fr\/index.php?rest_route=\/wp\/v2\/users\/1"}],"replies":[{"embeddable":true,"href":"https:\/\/rt-ecologique.fr\/index.php?rest_route=%2Fwp%2Fv2%2Fcomments&post=19050"}],"version-history":[{"count":14,"href":"https:\/\/rt-ecologique.fr\/index.php?rest_route=\/wp\/v2\/pages\/19050\/revisions"}],"predecessor-version":[{"id":19284,"href":"https:\/\/rt-ecologique.fr\/index.php?rest_route=\/wp\/v2\/pages\/19050\/revisions\/19284"}],"wp:featuredmedia":[{"embeddable":true,"href":"https:\/\/rt-ecologique.fr\/index.php?rest_route=\/wp\/v2\/media\/19281"}],"wp:attachment":[{"href":"https:\/\/rt-ecologique.fr\/index.php?rest_route=%2Fwp%2Fv2%2Fmedia&parent=19050"}],"curies":[{"name":"wp","href":"https:\/\/api.w.org\/{rel}","templated":true}]}}